{"id":66,"date":"2023-10-20T15:36:28","date_gmt":"2023-10-20T15:36:28","guid":{"rendered":"https:\/\/martcraft.eu\/?page_id=66"},"modified":"2024-07-12T17:19:06","modified_gmt":"2024-07-12T17:19:06","slug":"o-mnie","status":"publish","type":"page","link":"https:\/\/martcraft.eu\/index.php\/o-mnie\/","title":{"rendered":"O MNIE"},"content":{"rendered":"\n<p>&emsp;&emsp;&emsp;&emsp;<font size=\"4\">\u015awiat jest pi\u0119kny. Zwi\u0105za\u0142am si\u0119 ze sztuk\u0105, aby nim si\u0119 cieszy\u0107 i go uwiecznia\u0107 na tyle sposob\u00f3w, na ile potrafi\u0119: poprzez malarstwo, projektowanie przestrzeni, wykonywanie przedmiot\u00f3w, taniec, \u015bpiew, gr\u0119 na instrumentach. Ca\u0142a rado\u015b\u0107 z bycia artyst\u0105 polega dla mnie na dzieleniu si\u0119 wszystkim co robi\u0119 z innymi. Wybra\u0142am studia z malarstwa sztalugowego, p\u00f3\u017aniej przez ponad 5 lat terminowa\u0142am u mistrza, ucz\u0105c si\u0119 malarstwa w architekturze i projektowania wn\u0119trz sakralnych oraz konserwacji. Mam szcz\u0119\u015bcie \u017cy\u0107 z tego, co lubi\u0119 robi\u0107: z malarstwa, polichromii \u015bciennych, projektowania witra\u017cy. Gram w plansz\u00f3wki, przez kilka lat wsp\u00f3\u0142organizowa\u0142am konwent w Cz\u0119stochwie. Lubi\u0119 wszystko co zielone i co ro\u015bnie, cieszy mnie piel\u0119gnowanie ro\u015blin i przebywanie na \u015bwie\u017cym powietrzu, zbieranie dar\u00f3w lasu. Du\u017co si\u0119 ruszam, je\u017cd\u017c\u0119 na rowerze, \u0142y\u017cwach, rolkach, czasem konno, p\u0142ywam, ta\u0144cz\u0119\u2026po tym wszystkim dobrze si\u0119 tworzy. Koncepcja staro\u017cytnych greckich my\u015blicieli o harmonii duszy i cia\u0142a jest mi bardzo bliska. Gotowanie sprawia mi przyjemno\u015b\u0107, bo jak malowanie wymaga eksperymentowania i \u0142\u0105czenia nieoczywistych sk\u0142adnik\u00f3w do stworzenia dzie\u0142a. Kocham koty. Staram si\u0119 \u017cy\u0107 pe\u0142ni\u0105 \u017cycia i wnie\u015b\u0107 do \u017cycia innych ludzi tyle pi\u0119kna ile potrafi\u0119. Odk\u0105d si\u0119gam pami\u0119ci\u0105 podoba\u0142a mi si\u0119 tradycyjna muzyka irlandzka, a poniewa\u017c uwielbiam taniec, spr\u00f3bowa\u0142am swoich si\u0142 w nauce ta\u0144ca irlandzkiego. Jest on wspania\u0142\u0105 form\u0105 sztuki. Pocz\u0105tkowo je\u017adzi\u0142am na festiwale muzyki i kultury celtyckiej, na kt\u00f3rych odbywa\u0142y si\u0119 warsztaty. Od 2021 r. uczy\u0142a mnie przyjaci\u00f3\u0142ka z cz\u0119stochowskiego zespo\u0142u Irish Steps, do kt\u00f3rego do\u0142\u0105czy\u0142am. Od listopada 2023 r. nale\u017c\u0119 tak\u017ce do Setanty, szko\u0142y ta\u0144ca irlandzkiego z siedzib\u0105 w Warszawie. <\/p>\n\n\n\n<div style=\"height:50px\" aria-hidden=\"true\" class=\"wp-block-spacer\"><\/div>\n\n\n\n<figure class=\"wp-block-gallery has-nested-images columns-default is-cropped wp-block-gallery-1 is-layout-flex wp-block-gallery-is-layout-flex\">\n<figure class=\"wp-block-image size-large\"><img loading=\"lazy\" decoding=\"async\" width=\"466\" height=\"529\" data-id=\"680\" src=\"https:\/\/martcraft.eu\/wp-content\/uploads\/2023\/10\/REKONSTRUKCJA-LUTNI-POZNOSREDNIOWIECZNEJ-WYKONANA-PRZEZ-PANA-LESZKA-PELCA-W-2015-R-2.jpg\" alt=\"\" class=\"wp-image-680\" srcset=\"https:\/\/martcraft.eu\/wp-content\/uploads\/2023\/10\/REKONSTRUKCJA-LUTNI-POZNOSREDNIOWIECZNEJ-WYKONANA-PRZEZ-PANA-LESZKA-PELCA-W-2015-R-2.jpg 466w, https:\/\/martcraft.eu\/wp-content\/uploads\/2023\/10\/REKONSTRUKCJA-LUTNI-POZNOSREDNIOWIECZNEJ-WYKONANA-PRZEZ-PANA-LESZKA-PELCA-W-2015-R-2-264x300.jpg 264w, https:\/\/martcraft.eu\/wp-content\/uploads\/2023\/10\/REKONSTRUKCJA-LUTNI-POZNOSREDNIOWIECZNEJ-WYKONANA-PRZEZ-PANA-LESZKA-PELCA-W-2015-R-2-1x1.jpg 1w\" sizes=\"auto, (max-width: 466px) 100vw, 466px\" \/><\/figure>\n\n\n\n<figure class=\"wp-block-image size-large\"><img loading=\"lazy\" decoding=\"async\" width=\"1024\" height=\"1024\" data-id=\"682\" src=\"https:\/\/martcraft.eu\/wp-content\/uploads\/2023\/10\/REKREACJA-NA-ROLKACH-2018-1024x1024.jpg\" alt=\"\" class=\"wp-image-682\" srcset=\"https:\/\/martcraft.eu\/wp-content\/uploads\/2023\/10\/REKREACJA-NA-ROLKACH-2018-1024x1024.jpg 1024w, https:\/\/martcraft.eu\/wp-content\/uploads\/2023\/10\/REKREACJA-NA-ROLKACH-2018-300x300.jpg 300w, https:\/\/martcraft.eu\/wp-content\/uploads\/2023\/10\/REKREACJA-NA-ROLKACH-2018-150x150.jpg 150w, https:\/\/martcraft.eu\/wp-content\/uploads\/2023\/10\/REKREACJA-NA-ROLKACH-2018-768x768.jpg 768w, https:\/\/martcraft.eu\/wp-content\/uploads\/2023\/10\/REKREACJA-NA-ROLKACH-2018-1536x1536.jpg 1536w, https:\/\/martcraft.eu\/wp-content\/uploads\/2023\/10\/REKREACJA-NA-ROLKACH-2018-2048x2048.jpg 2048w, https:\/\/martcraft.eu\/wp-content\/uploads\/2023\/10\/REKREACJA-NA-ROLKACH-2018-1x1.jpg 1w\" sizes=\"auto, (max-width: 1024px) 100vw, 1024px\" \/><\/figure>\n\n\n\n<figure class=\"wp-block-image size-large\"><img loading=\"lazy\" decoding=\"async\" width=\"874\" height=\"1024\" data-id=\"685\" src=\"http:\/\/martcraft.eu\/wp-content\/uploads\/2023\/10\/WIECZORNICA-POETYCKA-WEGLOWICE-2017-4-874x1024.jpg\" alt=\"\" class=\"wp-image-685\" srcset=\"https:\/\/martcraft.eu\/wp-content\/uploads\/2023\/10\/WIECZORNICA-POETYCKA-WEGLOWICE-2017-4-874x1024.jpg 874w, https:\/\/martcraft.eu\/wp-content\/uploads\/2023\/10\/WIECZORNICA-POETYCKA-WEGLOWICE-2017-4-256x300.jpg 256w, https:\/\/martcraft.eu\/wp-content\/uploads\/2023\/10\/WIECZORNICA-POETYCKA-WEGLOWICE-2017-4-768x900.jpg 768w, https:\/\/martcraft.eu\/wp-content\/uploads\/2023\/10\/WIECZORNICA-POETYCKA-WEGLOWICE-2017-4-1310x1536.jpg 1310w, https:\/\/martcraft.eu\/wp-content\/uploads\/2023\/10\/WIECZORNICA-POETYCKA-WEGLOWICE-2017-4-1x1.jpg 1w, https:\/\/martcraft.eu\/wp-content\/uploads\/2023\/10\/WIECZORNICA-POETYCKA-WEGLOWICE-2017-4.jpg 1638w\" sizes=\"auto, (max-width: 874px) 100vw, 874px\" \/><\/figure>\n<\/figure>\n\n\n\n<div class=\"wp-block-columns is-layout-flex wp-container-core-columns-is-layout-9d6595d7 wp-block-columns-is-layout-flex\">\n<div class=\"wp-block-column is-layout-flow wp-block-column-is-layout-flow\">\n<div class=\"wp-block-buttons is-content-justification-center is-layout-flex wp-container-core-buttons-is-layout-16018d1d wp-block-buttons-is-layout-flex\">\n<div class=\"wp-block-button\"><a class=\"wp-block-button__link wp-element-button\" href=\"https:\/\/martcraft.eu\/index.php\/czas-wolny\/\">Co robi\u0119 w wolnym czasie<\/a><\/div>\n<\/div>\n<\/div>\n\n\n\n<div class=\"wp-block-column is-layout-flow wp-block-column-is-layout-flow\">\n<div class=\"wp-block-buttons is-content-justification-center is-layout-flex wp-container-core-buttons-is-layout-16018d1d wp-block-buttons-is-layout-flex\">\n<div class=\"wp-block-button\"><a class=\"wp-block-button__link wp-element-button\" href=\"https:\/\/martcraft.eu\/index.php\/muzykowanie\/\">Muzykowanie<\/a><\/div>\n<\/div>\n<\/div>\n<\/div>\n\n\n\n<div class=\"wp-block-columns is-layout-flex wp-container-core-columns-is-layout-9d6595d7 wp-block-columns-is-layout-flex\">\n<div class=\"wp-block-column is-layout-flow wp-block-column-is-layout-flow\">\n<div class=\"wp-block-buttons is-content-justification-center is-layout-flex wp-container-core-buttons-is-layout-16018d1d wp-block-buttons-is-layout-flex\">\n<div class=\"wp-block-button\"><a class=\"wp-block-button__link wp-element-button\" href=\"https:\/\/martcraft.eu\/index.php\/rekonstrukcja-historyczna\/\">Rekonstrukcja historyczna<\/a><\/div>\n<\/div>\n<\/div>\n\n\n\n<div class=\"wp-block-column is-layout-flow wp-block-column-is-layout-flow\">\n<div class=\"wp-block-buttons is-content-justification-center is-layout-flex wp-container-core-buttons-is-layout-16018d1d wp-block-buttons-is-layout-flex\">\n<div class=\"wp-block-button\"><a class=\"wp-block-button__link wp-element-button\" href=\"https:\/\/martcraft.eu\/index.php\/upowszechnianie-kultury\/\">Upowszechnianie kultury<\/a><\/div>\n<\/div>\n<\/div>\n<\/div>\n\n\n\n<div class=\"wp-block-buttons is-content-justification-center is-layout-flex wp-container-core-buttons-is-layout-16018d1d wp-block-buttons-is-layout-flex\">\n<div class=\"wp-block-button is-style-fill\"><a class=\"wp-block-button__link wp-element-button\" href=\"https:\/\/martcraft.eu\/index.php\/taniec-irlandzki\/\">Taniec Irlandzki<\/a><\/div>\n<\/div>\n\n\n\n<div style=\"height:50px\" aria-hidden=\"true\" class=\"wp-block-spacer\"><\/div>\n","protected":false},"excerpt":{"rendered":"<p>&emsp;&emsp;&emsp;&emsp;\u015awiat jest pi\u0119kny. Zwi\u0105za\u0142am si\u0119 ze sztuk\u0105, aby nim si\u0119 cieszy\u0107 i go uwiecznia\u0107 na tyle sposob\u00f3w, na ile potrafi\u0119: poprzez malarstwo, projektowanie przestrzeni, wykonywanie przedmiot\u00f3w, taniec, \u015bpiew, gr\u0119 na instrumentach. Ca\u0142a rado\u015b\u0107 z bycia artyst\u0105 polega dla mnie na dzieleniu si\u0119 wszystkim co robi\u0119 z innymi. Wybra\u0142am studia z malarstwa sztalugowego, p\u00f3\u017aniej przez ponad [&hellip;]<\/p>\n","protected":false},"author":1,"featured_media":0,"parent":0,"menu_order":0,"comment_status":"closed","ping_status":"closed","template":"","meta":{"ngg_post_thumbnail":0,"footnotes":""},"class_list":["post-66","page","type-page","status-publish","hentry"],"_links":{"self":[{"href":"https:\/\/martcraft.eu\/index.php\/wp-json\/wp\/v2\/pages\/66","targetHints":{"allow":["GET"]}}],"collection":[{"href":"https:\/\/martcraft.eu\/index.php\/wp-json\/wp\/v2\/pages"}],"about":[{"href":"https:\/\/martcraft.eu\/index.php\/wp-json\/wp\/v2\/types\/page"}],"author":[{"embeddable":true,"href":"https:\/\/martcraft.eu\/index.php\/wp-json\/wp\/v2\/users\/1"}],"replies":[{"embeddable":true,"href":"https:\/\/martcraft.eu\/index.php\/wp-json\/wp\/v2\/comments?post=66"}],"version-history":[{"count":12,"href":"https:\/\/martcraft.eu\/index.php\/wp-json\/wp\/v2\/pages\/66\/revisions"}],"predecessor-version":[{"id":982,"href":"https:\/\/martcraft.eu\/index.php\/wp-json\/wp\/v2\/pages\/66\/revisions\/982"}],"wp:attachment":[{"href":"https:\/\/martcraft.eu\/index.php\/wp-json\/wp\/v2\/media?parent=66"}],"curies":[{"name":"wp","href":"https:\/\/api.w.org\/{rel}","templated":true}]}}