{"id":61,"date":"2023-10-20T15:36:28","date_gmt":"2023-10-20T15:36:28","guid":{"rendered":"https:\/\/martcraft.eu\/?page_id=61"},"modified":"2024-07-13T18:17:31","modified_gmt":"2024-07-13T18:17:31","slug":"polichromia","status":"publish","type":"page","link":"https:\/\/martcraft.eu\/index.php\/polichromia\/","title":{"rendered":"POLICHROMIE I PROJEKTY WN\u0118TRZ SAKRALNYCH"},"content":{"rendered":"\n<p>\u2003\u2003\u2003\u2003<font size=\"4\">Oferuj\u0119 wykonanie pojedynczych dzie\u0142 z dziedziny malarstwa sztalugowego i \u015bciennego, jak r\u00f3wnie\u017c kompleksowe aran\u017cacje wn\u0119trz, w tym zabytkowych, wraz z ich wyposa\u017ceniem. Doradzam, jak przeprowadzi\u0107 inwestycj\u0119, wykonuj\u0119 wizualizacje, analizy, kosztorysy, za\u0142atwiam wymagane decyzje urz\u0119dowe. Wsp\u00f3\u0142pracuj\u0119 ze sprawdzonymi wykonawcami z bran\u017cy metaloplastycznej, stolarskiej i konserwatorskiej. Zapewniam \u015bcis\u0142\u0105 wsp\u00f3\u0142pracuj\u0119 z inwestorem na ka\u017cdym etapie realizacji i autorski nadz\u00f3r nad ca\u0142\u0105 inwestycj\u0105. \u0141\u0105cz\u0119 w sp\u00f3jn\u0105 ca\u0142o\u015b\u0107 us\u0142ugi projektowe oraz wykonawcze.<br>\n<\/font><\/p>\n\n\n\n<p><font size=\"4\">\u2003\u2003\u2003\u2003<font size=\"4\">Od 2021 r. co roku jestem zapraszana jako cz\u0142onek komisji konkursowej na SacroExpo w Kielcach. Wystawa ta jest najwi\u0119kszym spotkaniem bran\u017cy sakralnej w Europie, prezentowana jest na nim sztuka niemal z ca\u0142ego \u015bwiata. Zdj\u0119cie promuj\u0105ce <a href=\"https:\/\/www.targikielce.pl\/sacroexpo\" target=\"_blank\" rel=\"noreferrer noopener\">SacroExpo <\/a>z okazji 25 jubileuszu tego wydarzenia, to rze\u017aba <a href=\"https:\/\/www.burkot.com.pl\/\" target=\"_blank\" rel=\"noreferrer noopener\">Andrzeja Burkota<\/a>, zaprojektowana przeze mnie.<\/font><\/font><\/p>\n\n\n\n<div style=\"height:50px\" aria-hidden=\"true\" class=\"wp-block-spacer\"><\/div>\n\n\n\n<figure class=\"wp-block-gallery has-nested-images columns-default is-cropped wp-block-gallery-1 is-layout-flex wp-block-gallery-is-layout-flex\">\n<figure class=\"wp-block-image size-large\"><img loading=\"lazy\" decoding=\"async\" width=\"1024\" height=\"768\" data-id=\"1214\" src=\"https:\/\/martcraft.eu\/wp-content\/uploads\/2024\/07\/6F67AB09-0B91-45D1-A612-6BA3522B862C_1_102_o-1024x768.jpeg\" alt=\"\" class=\"wp-image-1214\" srcset=\"https:\/\/martcraft.eu\/wp-content\/uploads\/2024\/07\/6F67AB09-0B91-45D1-A612-6BA3522B862C_1_102_o-1024x768.jpeg 1024w, https:\/\/martcraft.eu\/wp-content\/uploads\/2024\/07\/6F67AB09-0B91-45D1-A612-6BA3522B862C_1_102_o-300x225.jpeg 300w, https:\/\/martcraft.eu\/wp-content\/uploads\/2024\/07\/6F67AB09-0B91-45D1-A612-6BA3522B862C_1_102_o-768x576.jpeg 768w, https:\/\/martcraft.eu\/wp-content\/uploads\/2024\/07\/6F67AB09-0B91-45D1-A612-6BA3522B862C_1_102_o-1536x1152.jpeg 1536w, https:\/\/martcraft.eu\/wp-content\/uploads\/2024\/07\/6F67AB09-0B91-45D1-A612-6BA3522B862C_1_102_o-1x1.jpeg 1w, https:\/\/martcraft.eu\/wp-content\/uploads\/2024\/07\/6F67AB09-0B91-45D1-A612-6BA3522B862C_1_102_o.jpeg 2048w\" sizes=\"auto, (max-width: 1024px) 100vw, 1024px\" \/><\/figure>\n<\/figure>\n\n\n\n<div class=\"wp-block-columns is-layout-flex wp-container-core-columns-is-layout-9d6595d7 wp-block-columns-is-layout-flex\">\n<div class=\"wp-block-column is-layout-flow wp-block-column-is-layout-flow\" style=\"flex-basis:100%\">\n<div class=\"wp-block-group\"><div class=\"wp-block-group__inner-container is-layout-constrained wp-block-group-is-layout-constrained\">\n<div class=\"wp-block-group\"><div class=\"wp-block-group__inner-container is-layout-constrained wp-block-group-is-layout-constrained\">\n<div class=\"wp-block-columns is-layout-flex wp-container-core-columns-is-layout-9d6595d7 wp-block-columns-is-layout-flex\">\n<div class=\"wp-block-column is-layout-flow wp-block-column-is-layout-flow\"><\/div>\n<\/div>\n\n\n\n<div class=\"wp-block-columns is-layout-flex wp-container-core-columns-is-layout-9d6595d7 wp-block-columns-is-layout-flex\">\n<div class=\"wp-block-column is-layout-flow wp-block-column-is-layout-flow\">\n<div class=\"wp-block-buttons is-layout-flex wp-block-buttons-is-layout-flex\">\n<div class=\"wp-block-button\"><a class=\"wp-block-button__link wp-element-button\" href=\"https:\/\/martcraft.eu\/index.php\/chelm-kosciol-p-w-sw-rodziny\/\">CHE\u0141M, KO\u015aCI\u00d3\u0141 P.W. \u015aW. RODZINY<\/a><\/div>\n<\/div>\n<\/div>\n\n\n\n<div class=\"wp-block-column is-layout-flow wp-block-column-is-layout-flow\">\n<div class=\"wp-block-buttons is-layout-flex wp-block-buttons-is-layout-flex\">\n<div class=\"wp-block-button\"><a class=\"wp-block-button__link wp-element-button\" href=\"https:\/\/martcraft.eu\/index.php\/czestochowa-kosciol-p-w-zeslania-ducha-sw\/\">CZ\u0118STOCHOWA, KO\u015aCI\u00d3\u0141 P.W. ZES\u0141ANIA DUCHA \u015aW.<\/a><\/div>\n<\/div>\n<\/div>\n\n\n\n<div class=\"wp-block-column is-layout-flow wp-block-column-is-layout-flow\">\n<div class=\"wp-block-buttons is-layout-flex wp-block-buttons-is-layout-flex\">\n<div class=\"wp-block-button\"><a class=\"wp-block-button__link wp-element-button\" href=\"https:\/\/martcraft.eu\/index.php\/czestochowa-parafia-sw-jacka\/\">CZ\u0118STOCHOWA, PARAFIA \u015aW. JACKA<\/a><\/div>\n<\/div>\n<\/div>\n<\/div>\n<\/div><\/div>\n<\/div><\/div>\n<\/div>\n<\/div>\n\n\n\n<div class=\"wp-block-columns is-layout-flex wp-container-core-columns-is-layout-9d6595d7 wp-block-columns-is-layout-flex\">\n<div class=\"wp-block-column is-layout-flow wp-block-column-is-layout-flow\">\n<div class=\"wp-block-buttons is-layout-flex wp-block-buttons-is-layout-flex\">\n<div class=\"wp-block-button\"><a class=\"wp-block-button__link wp-element-button\" href=\"https:\/\/martcraft.eu\/index.php\/parafia-nspj-w-gniazdowie\/\">GNIAZD\u00d3W, PARAFIA NSPJ<\/a><\/div>\n<\/div>\n<\/div>\n\n\n\n<div class=\"wp-block-column is-layout-flow wp-block-column-is-layout-flow\">\n<div class=\"wp-block-buttons is-layout-flex wp-block-buttons-is-layout-flex\">\n<div class=\"wp-block-button\"><a class=\"wp-block-button__link wp-element-button\" href=\"https:\/\/martcraft.eu\/index.php\/sanktuarium-w-mzykach\/\">MZYKI, SANKTUARIUM \u015aW. JANA MARII VIANNEY&#8217;A<\/a><\/div>\n<\/div>\n<\/div>\n\n\n\n<div class=\"wp-block-column is-layout-flow wp-block-column-is-layout-flow\">\n<div class=\"wp-block-buttons is-layout-flex wp-block-buttons-is-layout-flex\">\n<div class=\"wp-block-button\"><a class=\"wp-block-button__link wp-element-button\" href=\"https:\/\/martcraft.eu\/index.php\/radomsko-kosciol-nspj\/\">RADOMSKO, KO\u015aCI\u00d3\u0141 NSPJ<\/a><\/div>\n<\/div>\n<\/div>\n<\/div>\n\n\n\n<div class=\"wp-block-columns is-layout-flex wp-container-core-columns-is-layout-9d6595d7 wp-block-columns-is-layout-flex\">\n<div class=\"wp-block-column is-layout-flow wp-block-column-is-layout-flow\">\n<div class=\"wp-block-buttons is-layout-flex wp-block-buttons-is-layout-flex\">\n<div class=\"wp-block-button\"><a class=\"wp-block-button__link wp-element-button\" href=\"https:\/\/martcraft.eu\/index.php\/bazylika-mniejsza-w-trzebini\/\">SALWATORIANIE, TEKSAS, MERILLVILLE, TRZEBINIA<\/a><\/div>\n<\/div>\n<\/div>\n\n\n\n<div class=\"wp-block-column is-layout-flow wp-block-column-is-layout-flow\">\n<div class=\"wp-block-buttons is-layout-flex wp-block-buttons-is-layout-flex\">\n<div class=\"wp-block-button\"><a class=\"wp-block-button__link wp-element-button\" href=\"https:\/\/martcraft.eu\/index.php\/wierzbica-kosciol-mb-ostrobramskiej-i-sw-wojciecha\/\">WIERZBICA, KO\u015aCI\u00d3\u0141 MB OSTROBRAMSKIEJ I \u015aW. WOJCIECHA<\/a><\/div>\n<\/div>\n<\/div>\n\n\n\n<div class=\"wp-block-column is-layout-flow wp-block-column-is-layout-flow\">\n<div class=\"wp-block-buttons is-layout-flex wp-block-buttons-is-layout-flex\">\n<div class=\"wp-block-button\"><a class=\"wp-block-button__link wp-element-button\" href=\"https:\/\/martcraft.eu\/index.php\/witkowice-nieznanice-parafia-sw-stanislawa-b-m\/\">WITKOWICE-NIEZNANICE, PARAFIA \u015aW. STANIS\u0141AWA B.M<\/a><\/div>\n<\/div>\n<\/div>\n<\/div>\n\n\n\n<div class=\"wp-block-columns is-layout-flex wp-container-core-columns-is-layout-9d6595d7 wp-block-columns-is-layout-flex\">\n<div class=\"wp-block-column is-layout-flow wp-block-column-is-layout-flow\">\n<div class=\"wp-block-buttons is-layout-flex wp-block-buttons-is-layout-flex\">\n<div class=\"wp-block-button\"><a class=\"wp-block-button__link wp-element-button\" href=\"https:\/\/martcraft.eu\/index.php\/zawiercie-parafia-sw-st-kostki\/\">ZAWIERCIE, PARAFIA \u015aW. ST. KOSTKI<\/a><\/div>\n<\/div>\n<\/div>\n\n\n\n<div class=\"wp-block-column is-layout-flow wp-block-column-is-layout-flow\"><\/div>\n\n\n\n<div class=\"wp-block-column is-layout-flow wp-block-column-is-layout-flow\"><\/div>\n<\/div>\n","protected":false},"excerpt":{"rendered":"<p>\u2003\u2003\u2003\u2003Oferuj\u0119 wykonanie pojedynczych dzie\u0142 z dziedziny malarstwa sztalugowego i \u015bciennego, jak r\u00f3wnie\u017c kompleksowe aran\u017cacje wn\u0119trz, w tym zabytkowych, wraz z ich wyposa\u017ceniem. Doradzam, jak przeprowadzi\u0107 inwestycj\u0119, wykonuj\u0119 wizualizacje, analizy, kosztorysy, za\u0142atwiam wymagane decyzje urz\u0119dowe. Wsp\u00f3\u0142pracuj\u0119 ze sprawdzonymi wykonawcami z bran\u017cy metaloplastycznej, stolarskiej i konserwatorskiej. Zapewniam \u015bcis\u0142\u0105 wsp\u00f3\u0142pracuj\u0119 z inwestorem na ka\u017cdym etapie realizacji i autorski [&hellip;]<\/p>\n","protected":false},"author":1,"featured_media":0,"parent":0,"menu_order":0,"comment_status":"closed","ping_status":"closed","template":"","meta":{"ngg_post_thumbnail":0,"footnotes":""},"class_list":["post-61","page","type-page","status-publish","hentry"],"_links":{"self":[{"href":"https:\/\/martcraft.eu\/index.php\/wp-json\/wp\/v2\/pages\/61","targetHints":{"allow":["GET"]}}],"collection":[{"href":"https:\/\/martcraft.eu\/index.php\/wp-json\/wp\/v2\/pages"}],"about":[{"href":"https:\/\/martcraft.eu\/index.php\/wp-json\/wp\/v2\/types\/page"}],"author":[{"embeddable":true,"href":"https:\/\/martcraft.eu\/index.php\/wp-json\/wp\/v2\/users\/1"}],"replies":[{"embeddable":true,"href":"https:\/\/martcraft.eu\/index.php\/wp-json\/wp\/v2\/comments?post=61"}],"version-history":[{"count":24,"href":"https:\/\/martcraft.eu\/index.php\/wp-json\/wp\/v2\/pages\/61\/revisions"}],"predecessor-version":[{"id":1546,"href":"https:\/\/martcraft.eu\/index.php\/wp-json\/wp\/v2\/pages\/61\/revisions\/1546"}],"wp:attachment":[{"href":"https:\/\/martcraft.eu\/index.php\/wp-json\/wp\/v2\/media?parent=61"}],"curies":[{"name":"wp","href":"https:\/\/api.w.org\/{rel}","templated":true}]}}