{"id":1542,"date":"2024-07-13T18:14:45","date_gmt":"2024-07-13T18:14:45","guid":{"rendered":"https:\/\/martcraft.eu\/?page_id=1542"},"modified":"2024-07-13T18:20:06","modified_gmt":"2024-07-13T18:20:06","slug":"zawiercie-parafia-sw-st-kostki","status":"publish","type":"page","link":"https:\/\/martcraft.eu\/index.php\/zawiercie-parafia-sw-st-kostki\/","title":{"rendered":"ZAWIERCIE, PARAFIA \u015aW. ST. KOSTKI"},"content":{"rendered":"\n<p>&emsp;&emsp;&emsp;&emsp;<font size=\"4\">Przy wielu realizacjach wielk\u0105 pomoc\u0105 w projektowaniu by\u0142y bardzo inspiruj\u0105ce rozmowy przeprowadzone z inwestorem, ks. Tomaszem Nowakiem. Priorytetem by\u0142a Hostia w centrum, krzy\u017c i motyw p\u0142omieni. Wymy\u015blaj\u0105c tabernakulum i glori\u0119 do ko\u015bcio\u0142a p.w. \u015aw. Stanis\u0142awa Kostki w Zawierciu, my\u015bla\u0142am o bramie i ten motyw przenios\u0142am na glori\u0119. Koncept i wykonanie wystroju prezbiterium wykona\u0142 w latach 80-tych \u015b.p. ks. Antoni Polaniak, u k\u00f3rego terminowa\u0142am przez sze\u015b\u0107 lat. Szuka\u0142am zatem w kszta\u0142tach nastawy o\u0142tarzowej my\u015bli, kt\u00f3ra prowadzi\u0142a jego r\u0119k\u0119 przy projektowaniu, przygl\u0105da\u0142am si\u0119 podzia\u0142om architektury.&nbsp;Formy pojawiaj\u0105ce si\u0119 w bryle tabernakulum, s\u0105 kontynuacj\u0105 my\u015bli mojego mistrza, wzbogacon\u0105 o kolor i struktury kamieni szlachetnych, u\u0142o\u017conych wg porz\u0105dku z Pisma \u015awi\u0119tego, Ap 21.<\/p>\n\n\n\n<p>&emsp;&emsp;&emsp;&emsp;<font size=\"4\">W centrum jest Hostia, figura idealna. Do niej biegn\u0105 formy blok\u00f3w przypominaj\u0105ce promienie, kilka z nich wyr\u00f3\u017cni\u0142am w taki spos\u00f3b, aby tworzy\u0142y krzy\u017c. Promienie s\u0105 tr\u00f3jwymiarowe (w nawi\u0105zaniu do ca\u0142ej kompozycji o\u0142tarzowej) i pokazane w perspektywie, stwarzaj\u0105c wra\u017cenie ruchu. Mo\u017cna na to patrze\u0107 dwojako: niesko\u0144czono\u015b\u0107, z kt\u00f3rej wychodz\u0105 lub ku niej pod\u0105\u017caj\u0105. Wyst\u0119puj\u0105 na r\u00f3\u017cnych g\u0142\u0119boko\u015bciach, maj\u0105 zr\u00f3\u017cnicowan\u0105 faktur\u0119, cz\u0119\u015b\u0107 element\u00f3w jest poz\u0142ocona w po\u0142ysku, a cz\u0119\u015b\u0107 w macie, aby podkre\u015bli\u0107 efekt przestrzenno\u015bci.<\/p>\n\n\n\n<p>&emsp;&emsp;&emsp;&emsp;<font size=\"4\">Motyw ognia i p\u0142omienia pojawia si\u0119 na skosach tabernakulum, a w wyci\u0119tych w metalu formach umieszczone s\u0105 kamienie szlachetne. Z uwagi na to, \u017ce naprzeciwko znajduje si\u0119 du\u017cy witra\u017c fasadowy, kolorystyka szkie\u0142 odbija si\u0119 w tabernakulum tworz\u0105c misterium \u015bwiat\u0142a i koloru.<\/p>\n\n\n\n<p>&emsp;&emsp;&emsp;&emsp;<font size=\"4\">Tabernakulum jest pod\u015bwietlone od \u015brodka, gloria witra\u017cowa ma specjaln\u0105 konstrukcj\u0119 i r\u00f3wnie\u017c jest pod\u015bwietlana, z regulacj\u0105 mocy \u015bwiat\u0142a. Prace te wykona\u0142 Ryszard Miko\u0142ajczyk z LEDstation.pl. Tabernakulum stworzy\u0142 \u015blusarz Alfred Kolarz, a glori\u0119 wok\u00f3\u0142 niego Pracownia Witra\u017cy i Szk\u0142a Ryszarda \u0141obody z Krakowa.<\/p>\n\n\n\n<figure class=\"wp-block-image size-full\"><img loading=\"lazy\" decoding=\"async\" width=\"886\" height=\"886\" src=\"https:\/\/martcraft.eu\/wp-content\/uploads\/2024\/07\/D6800996-DB9F-464C-B1ED-7B4E1317A2A3_1_105_c.jpeg\" alt=\"\" class=\"wp-image-1547\" srcset=\"https:\/\/martcraft.eu\/wp-content\/uploads\/2024\/07\/D6800996-DB9F-464C-B1ED-7B4E1317A2A3_1_105_c.jpeg 886w, https:\/\/martcraft.eu\/wp-content\/uploads\/2024\/07\/D6800996-DB9F-464C-B1ED-7B4E1317A2A3_1_105_c-300x300.jpeg 300w, https:\/\/martcraft.eu\/wp-content\/uploads\/2024\/07\/D6800996-DB9F-464C-B1ED-7B4E1317A2A3_1_105_c-150x150.jpeg 150w, https:\/\/martcraft.eu\/wp-content\/uploads\/2024\/07\/D6800996-DB9F-464C-B1ED-7B4E1317A2A3_1_105_c-768x768.jpeg 768w, https:\/\/martcraft.eu\/wp-content\/uploads\/2024\/07\/D6800996-DB9F-464C-B1ED-7B4E1317A2A3_1_105_c-1x1.jpeg 1w\" sizes=\"auto, (max-width: 886px) 100vw, 886px\" \/><\/figure>\n\n\n\n<!-- index.php -->\n<div\n\tclass=\"ngg-galleryoverview\"\n\tid=\"ngg-gallery-84d6c05c238cbb320b68ed7af451b39b-1\">\n\n    \t\t<!-- Thumbnails -->\n\t\t\t\t<div id=\"ngg-image-0\" class=\"ngg-gallery-thumbnail-box\" >\n\t\t\t\t        <div class=\"ngg-gallery-thumbnail\">\n            <a href=\"https:\/\/martcraft.eu\/wp-content\/gallery\/zawiercie-parafia-sw-st-kostki\/5FBA97D2-6417-459A-9634-CB6D22BC6958.jpeg\"\n               title=\"\"\n               data-src=\"https:\/\/martcraft.eu\/wp-content\/gallery\/zawiercie-parafia-sw-st-kostki\/5FBA97D2-6417-459A-9634-CB6D22BC6958.jpeg\"\n               data-thumbnail=\"https:\/\/martcraft.eu\/wp-content\/gallery\/zawiercie-parafia-sw-st-kostki\/thumbs\/thumbs_5FBA97D2-6417-459A-9634-CB6D22BC6958.jpeg\"\n               data-image-id=\"1045\"\n               data-title=\"5FBA97D2-6417-459A-9634-CB6D22BC6958\"\n               data-description=\"\"\n               data-image-slug=\"5fba97d2-6417-459a-9634-cb6d22bc6958\"\n               class=\"ngg-simplelightbox\" rel=\"84d6c05c238cbb320b68ed7af451b39b\">\n                <img\n                    title=\"5FBA97D2-6417-459A-9634-CB6D22BC6958\"\n                    alt=\"5FBA97D2-6417-459A-9634-CB6D22BC6958\"\n                    src=\"https:\/\/martcraft.eu\/wp-content\/gallery\/zawiercie-parafia-sw-st-kostki\/thumbs\/thumbs_5FBA97D2-6417-459A-9634-CB6D22BC6958.jpeg\"\n                    width=\"240\"\n                    height=\"160\"\n                    style=\"max-width:100%;\"\n                \/>\n            <\/a>\n        <\/div>\n\t\t\t\t\t\t\t<\/div> \n\t\t\t\n        \n\t\t\t\t<div id=\"ngg-image-1\" class=\"ngg-gallery-thumbnail-box\" >\n\t\t\t\t        <div class=\"ngg-gallery-thumbnail\">\n            <a href=\"https:\/\/martcraft.eu\/wp-content\/gallery\/zawiercie-parafia-sw-st-kostki\/F5ACF71A-03CB-4331-9E2F-C84EBF4A6DC0_1_105_c.jpeg\"\n               title=\"\"\n               data-src=\"https:\/\/martcraft.eu\/wp-content\/gallery\/zawiercie-parafia-sw-st-kostki\/F5ACF71A-03CB-4331-9E2F-C84EBF4A6DC0_1_105_c.jpeg\"\n               data-thumbnail=\"https:\/\/martcraft.eu\/wp-content\/gallery\/zawiercie-parafia-sw-st-kostki\/thumbs\/thumbs_F5ACF71A-03CB-4331-9E2F-C84EBF4A6DC0_1_105_c.jpeg\"\n               data-image-id=\"1043\"\n               data-title=\"F5ACF71A-03CB-4331-9E2F-C84EBF4A6DC0_1_105_c\"\n               data-description=\"\"\n               data-image-slug=\"f5acf71a-03cb-4331-9e2f-c84ebf4a6dc0_1_105_c-1\"\n               class=\"ngg-simplelightbox\" rel=\"84d6c05c238cbb320b68ed7af451b39b\">\n                <img\n                    title=\"F5ACF71A-03CB-4331-9E2F-C84EBF4A6DC0_1_105_c\"\n                    alt=\"F5ACF71A-03CB-4331-9E2F-C84EBF4A6DC0_1_105_c\"\n                    src=\"https:\/\/martcraft.eu\/wp-content\/gallery\/zawiercie-parafia-sw-st-kostki\/thumbs\/thumbs_F5ACF71A-03CB-4331-9E2F-C84EBF4A6DC0_1_105_c.jpeg\"\n                    width=\"240\"\n                    height=\"160\"\n                    style=\"max-width:100%;\"\n                \/>\n            <\/a>\n        <\/div>\n\t\t\t\t\t\t\t<\/div> \n\t\t\t\n        \n\t\t\t\t<div id=\"ngg-image-2\" class=\"ngg-gallery-thumbnail-box\" >\n\t\t\t\t        <div class=\"ngg-gallery-thumbnail\">\n            <a href=\"https:\/\/martcraft.eu\/wp-content\/gallery\/zawiercie-parafia-sw-st-kostki\/30A03D82-37D1-4E18-9DBF-D2218C82ECCA_1_105_c.jpeg\"\n               title=\"\"\n               data-src=\"https:\/\/martcraft.eu\/wp-content\/gallery\/zawiercie-parafia-sw-st-kostki\/30A03D82-37D1-4E18-9DBF-D2218C82ECCA_1_105_c.jpeg\"\n               data-thumbnail=\"https:\/\/martcraft.eu\/wp-content\/gallery\/zawiercie-parafia-sw-st-kostki\/thumbs\/thumbs_30A03D82-37D1-4E18-9DBF-D2218C82ECCA_1_105_c.jpeg\"\n               data-image-id=\"1042\"\n               data-title=\"30A03D82-37D1-4E18-9DBF-D2218C82ECCA_1_105_c\"\n               data-description=\"\"\n               data-image-slug=\"30a03d82-37d1-4e18-9dbf-d2218c82ecca_1_105_c\"\n               class=\"ngg-simplelightbox\" rel=\"84d6c05c238cbb320b68ed7af451b39b\">\n                <img\n                    title=\"30A03D82-37D1-4E18-9DBF-D2218C82ECCA_1_105_c\"\n                    alt=\"30A03D82-37D1-4E18-9DBF-D2218C82ECCA_1_105_c\"\n                    src=\"https:\/\/martcraft.eu\/wp-content\/gallery\/zawiercie-parafia-sw-st-kostki\/thumbs\/thumbs_30A03D82-37D1-4E18-9DBF-D2218C82ECCA_1_105_c.jpeg\"\n                    width=\"240\"\n                    height=\"160\"\n                    style=\"max-width:100%;\"\n                \/>\n            <\/a>\n        <\/div>\n\t\t\t\t\t\t\t<\/div> \n\t\t\t\n        \n\t\t\t\t<div id=\"ngg-image-3\" class=\"ngg-gallery-thumbnail-box\" >\n\t\t\t\t        <div class=\"ngg-gallery-thumbnail\">\n            <a href=\"https:\/\/martcraft.eu\/wp-content\/gallery\/zawiercie-parafia-sw-st-kostki\/F9937CE7-9B17-42AE-8B8C-BF519C5E9884_1_105_c.jpeg\"\n               title=\"\"\n               data-src=\"https:\/\/martcraft.eu\/wp-content\/gallery\/zawiercie-parafia-sw-st-kostki\/F9937CE7-9B17-42AE-8B8C-BF519C5E9884_1_105_c.jpeg\"\n               data-thumbnail=\"https:\/\/martcraft.eu\/wp-content\/gallery\/zawiercie-parafia-sw-st-kostki\/thumbs\/thumbs_F9937CE7-9B17-42AE-8B8C-BF519C5E9884_1_105_c.jpeg\"\n               data-image-id=\"1046\"\n               data-title=\"F9937CE7-9B17-42AE-8B8C-BF519C5E9884_1_105_c\"\n               data-description=\"\"\n               data-image-slug=\"f9937ce7-9b17-42ae-8b8c-bf519c5e9884_1_105_c\"\n               class=\"ngg-simplelightbox\" rel=\"84d6c05c238cbb320b68ed7af451b39b\">\n                <img\n                    title=\"F9937CE7-9B17-42AE-8B8C-BF519C5E9884_1_105_c\"\n                    alt=\"F9937CE7-9B17-42AE-8B8C-BF519C5E9884_1_105_c\"\n                    src=\"https:\/\/martcraft.eu\/wp-content\/gallery\/zawiercie-parafia-sw-st-kostki\/thumbs\/thumbs_F9937CE7-9B17-42AE-8B8C-BF519C5E9884_1_105_c.jpeg\"\n                    width=\"240\"\n                    height=\"160\"\n                    style=\"max-width:100%;\"\n                \/>\n            <\/a>\n        <\/div>\n\t\t\t\t\t\t\t<\/div> \n\t\t\t\n        \n\t\t\t\t<div id=\"ngg-image-4\" class=\"ngg-gallery-thumbnail-box\" >\n\t\t\t\t        <div class=\"ngg-gallery-thumbnail\">\n            <a href=\"https:\/\/martcraft.eu\/wp-content\/gallery\/zawiercie-parafia-sw-st-kostki\/D6800996-DB9F-464C-B1ED-7B4E1317A2A3_1_105_c.jpeg\"\n               title=\"\"\n               data-src=\"https:\/\/martcraft.eu\/wp-content\/gallery\/zawiercie-parafia-sw-st-kostki\/D6800996-DB9F-464C-B1ED-7B4E1317A2A3_1_105_c.jpeg\"\n               data-thumbnail=\"https:\/\/martcraft.eu\/wp-content\/gallery\/zawiercie-parafia-sw-st-kostki\/thumbs\/thumbs_D6800996-DB9F-464C-B1ED-7B4E1317A2A3_1_105_c.jpeg\"\n               data-image-id=\"1044\"\n               data-title=\"D6800996-DB9F-464C-B1ED-7B4E1317A2A3_1_105_c\"\n               data-description=\"\"\n               data-image-slug=\"d6800996-db9f-464c-b1ed-7b4e1317a2a3_1_105_c\"\n               class=\"ngg-simplelightbox\" rel=\"84d6c05c238cbb320b68ed7af451b39b\">\n                <img\n                    title=\"D6800996-DB9F-464C-B1ED-7B4E1317A2A3_1_105_c\"\n                    alt=\"D6800996-DB9F-464C-B1ED-7B4E1317A2A3_1_105_c\"\n                    src=\"https:\/\/martcraft.eu\/wp-content\/gallery\/zawiercie-parafia-sw-st-kostki\/thumbs\/thumbs_D6800996-DB9F-464C-B1ED-7B4E1317A2A3_1_105_c.jpeg\"\n                    width=\"240\"\n                    height=\"160\"\n                    style=\"max-width:100%;\"\n                \/>\n            <\/a>\n        <\/div>\n\t\t\t\t\t\t\t<\/div> \n\t\t\t\n        \n\t\t\t\t<div id=\"ngg-image-5\" class=\"ngg-gallery-thumbnail-box\" >\n\t\t\t\t        <div class=\"ngg-gallery-thumbnail\">\n            <a href=\"https:\/\/martcraft.eu\/wp-content\/gallery\/zawiercie-parafia-sw-st-kostki\/5BF762D8-EB35-4FE4-BBBB-E17FFC08C80E_1_105_c.jpeg\"\n               title=\"\"\n               data-src=\"https:\/\/martcraft.eu\/wp-content\/gallery\/zawiercie-parafia-sw-st-kostki\/5BF762D8-EB35-4FE4-BBBB-E17FFC08C80E_1_105_c.jpeg\"\n               data-thumbnail=\"https:\/\/martcraft.eu\/wp-content\/gallery\/zawiercie-parafia-sw-st-kostki\/thumbs\/thumbs_5BF762D8-EB35-4FE4-BBBB-E17FFC08C80E_1_105_c.jpeg\"\n               data-image-id=\"1040\"\n               data-title=\"5BF762D8-EB35-4FE4-BBBB-E17FFC08C80E_1_105_c\"\n               data-description=\"\"\n               data-image-slug=\"5bf762d8-eb35-4fe4-bbbb-e17ffc08c80e_1_105_c\"\n               class=\"ngg-simplelightbox\" rel=\"84d6c05c238cbb320b68ed7af451b39b\">\n                <img\n                    title=\"5BF762D8-EB35-4FE4-BBBB-E17FFC08C80E_1_105_c\"\n                    alt=\"5BF762D8-EB35-4FE4-BBBB-E17FFC08C80E_1_105_c\"\n                    src=\"https:\/\/martcraft.eu\/wp-content\/gallery\/zawiercie-parafia-sw-st-kostki\/thumbs\/thumbs_5BF762D8-EB35-4FE4-BBBB-E17FFC08C80E_1_105_c.jpeg\"\n                    width=\"240\"\n                    height=\"160\"\n                    style=\"max-width:100%;\"\n                \/>\n            <\/a>\n        <\/div>\n\t\t\t\t\t\t\t<\/div> \n\t\t\t\n        \n\t\t\t\t<div id=\"ngg-image-6\" class=\"ngg-gallery-thumbnail-box\" >\n\t\t\t\t        <div class=\"ngg-gallery-thumbnail\">\n            <a href=\"https:\/\/martcraft.eu\/wp-content\/gallery\/zawiercie-parafia-sw-st-kostki\/2E1EDB6E-B79F-4D71-938B-93DFC4A44E93_1_105_c.jpeg\"\n               title=\"\"\n               data-src=\"https:\/\/martcraft.eu\/wp-content\/gallery\/zawiercie-parafia-sw-st-kostki\/2E1EDB6E-B79F-4D71-938B-93DFC4A44E93_1_105_c.jpeg\"\n               data-thumbnail=\"https:\/\/martcraft.eu\/wp-content\/gallery\/zawiercie-parafia-sw-st-kostki\/thumbs\/thumbs_2E1EDB6E-B79F-4D71-938B-93DFC4A44E93_1_105_c.jpeg\"\n               data-image-id=\"1041\"\n               data-title=\"2E1EDB6E-B79F-4D71-938B-93DFC4A44E93_1_105_c\"\n               data-description=\"\"\n               data-image-slug=\"2e1edb6e-b79f-4d71-938b-93dfc4a44e93_1_105_c\"\n               class=\"ngg-simplelightbox\" rel=\"84d6c05c238cbb320b68ed7af451b39b\">\n                <img\n                    title=\"2E1EDB6E-B79F-4D71-938B-93DFC4A44E93_1_105_c\"\n                    alt=\"2E1EDB6E-B79F-4D71-938B-93DFC4A44E93_1_105_c\"\n                    src=\"https:\/\/martcraft.eu\/wp-content\/gallery\/zawiercie-parafia-sw-st-kostki\/thumbs\/thumbs_2E1EDB6E-B79F-4D71-938B-93DFC4A44E93_1_105_c.jpeg\"\n                    width=\"240\"\n                    height=\"160\"\n                    style=\"max-width:100%;\"\n                \/>\n            <\/a>\n        <\/div>\n\t\t\t\t\t\t\t<\/div> \n\t\t\t\n        \n\t\t\t\t<div id=\"ngg-image-7\" class=\"ngg-gallery-thumbnail-box\" >\n\t\t\t\t        <div class=\"ngg-gallery-thumbnail\">\n            <a href=\"https:\/\/martcraft.eu\/wp-content\/gallery\/zawiercie-parafia-sw-st-kostki\/gloria-projekt-m.jpg\"\n               title=\"\"\n               data-src=\"https:\/\/martcraft.eu\/wp-content\/gallery\/zawiercie-parafia-sw-st-kostki\/gloria-projekt-m.jpg\"\n               data-thumbnail=\"https:\/\/martcraft.eu\/wp-content\/gallery\/zawiercie-parafia-sw-st-kostki\/thumbs\/thumbs_gloria-projekt-m.jpg\"\n               data-image-id=\"1047\"\n               data-title=\"gloria-projekt-m\"\n               data-description=\"\"\n               data-image-slug=\"gloria-projekt-m\"\n               class=\"ngg-simplelightbox\" rel=\"84d6c05c238cbb320b68ed7af451b39b\">\n                <img\n                    title=\"gloria-projekt-m\"\n                    alt=\"gloria-projekt-m\"\n                    src=\"https:\/\/martcraft.eu\/wp-content\/gallery\/zawiercie-parafia-sw-st-kostki\/thumbs\/thumbs_gloria-projekt-m.jpg\"\n                    width=\"240\"\n                    height=\"160\"\n                    style=\"max-width:100%;\"\n                \/>\n            <\/a>\n        <\/div>\n\t\t\t\t\t\t\t<\/div> \n\t\t\t\n        \n\t\t\n\t\t<!-- Pagination -->\n\t<div class='ngg-clear'><\/div>\t<\/div>\n\n","protected":false},"excerpt":{"rendered":"<p>&emsp;&emsp;&emsp;&emsp;Przy wielu realizacjach wielk\u0105 pomoc\u0105 w projektowaniu by\u0142y bardzo inspiruj\u0105ce rozmowy przeprowadzone z inwestorem, ks. Tomaszem Nowakiem. Priorytetem by\u0142a Hostia w centrum, krzy\u017c i motyw p\u0142omieni. Wymy\u015blaj\u0105c tabernakulum i glori\u0119 do ko\u015bcio\u0142a p.w. \u015aw. Stanis\u0142awa Kostki w Zawierciu, my\u015bla\u0142am o bramie i ten motyw przenios\u0142am na glori\u0119. Koncept i wykonanie wystroju prezbiterium wykona\u0142 w latach [&hellip;]<\/p>\n","protected":false},"author":1,"featured_media":0,"parent":0,"menu_order":0,"comment_status":"closed","ping_status":"closed","template":"","meta":{"ngg_post_thumbnail":0,"footnotes":""},"class_list":["post-1542","page","type-page","status-publish","hentry"],"_links":{"self":[{"href":"https:\/\/martcraft.eu\/index.php\/wp-json\/wp\/v2\/pages\/1542","targetHints":{"allow":["GET"]}}],"collection":[{"href":"https:\/\/martcraft.eu\/index.php\/wp-json\/wp\/v2\/pages"}],"about":[{"href":"https:\/\/martcraft.eu\/index.php\/wp-json\/wp\/v2\/types\/page"}],"author":[{"embeddable":true,"href":"https:\/\/martcraft.eu\/index.php\/wp-json\/wp\/v2\/users\/1"}],"replies":[{"embeddable":true,"href":"https:\/\/martcraft.eu\/index.php\/wp-json\/wp\/v2\/comments?post=1542"}],"version-history":[{"count":2,"href":"https:\/\/martcraft.eu\/index.php\/wp-json\/wp\/v2\/pages\/1542\/revisions"}],"predecessor-version":[{"id":1548,"href":"https:\/\/martcraft.eu\/index.php\/wp-json\/wp\/v2\/pages\/1542\/revisions\/1548"}],"wp:attachment":[{"href":"https:\/\/martcraft.eu\/index.php\/wp-json\/wp\/v2\/media?parent=1542"}],"curies":[{"name":"wp","href":"https:\/\/api.w.org\/{rel}","templated":true}]}}